{"id":992,"date":"2011-10-02T22:54:00","date_gmt":"2011-10-03T03:54:00","guid":{"rendered":"http:\/\/raxxie.com\/?page_id=992"},"modified":"2025-09-13T11:53:29","modified_gmt":"2025-09-13T17:53:29","slug":"home","status":"publish","type":"page","link":"https:\/\/raxxie.com\/","title":{"rendered":"Raquel Castro, escritora"},"content":{"rendered":"\n<p class=\"is-style-text-display has-accent-2-color has-text-color has-link-color wp-elements-8045dca8cf66c077db4218f746369a21 is-style-text-display--1\">\u00a1Hola!<\/p>\n\n\n\n<p class=\"is-style-text-subtitle is-style-text-subtitle--2\">Me llamo Raquel Castro y soy escritora. <a href=\"https:\/\/raxxie.com\/index.php\/acerca-de-este-blog\/\">Aqu\u00ed<\/a> puedes saber m\u00e1s de m\u00ed y de mi trabajo.<\/p>\n\n\n\n<figure class=\"wp-block-image size-large\"><a href=\"http:\/\/raxxie.com\/wp-content\/uploads\/2025\/09\/IMG_20250912_151340-scaled.jpg\"><img loading=\"lazy\" decoding=\"async\" width=\"768\" height=\"1024\" src=\"http:\/\/raxxie.com\/wp-content\/uploads\/2025\/09\/IMG_20250912_151340-768x1024.jpg\" alt=\"\" class=\"wp-image-2756\" srcset=\"https:\/\/raxxie.com\/wp-content\/uploads\/2025\/09\/IMG_20250912_151340-768x1024.jpg 768w, https:\/\/raxxie.com\/wp-content\/uploads\/2025\/09\/IMG_20250912_151340-225x300.jpg 225w, https:\/\/raxxie.com\/wp-content\/uploads\/2025\/09\/IMG_20250912_151340-350x467.jpg 350w, https:\/\/raxxie.com\/wp-content\/uploads\/2025\/09\/IMG_20250912_151340-460x613.jpg 460w, https:\/\/raxxie.com\/wp-content\/uploads\/2025\/09\/IMG_20250912_151340-770x1027.jpg 770w, https:\/\/raxxie.com\/wp-content\/uploads\/2025\/09\/IMG_20250912_151340-1152x1536.jpg 1152w, https:\/\/raxxie.com\/wp-content\/uploads\/2025\/09\/IMG_20250912_151340-1536x2048.jpg 1536w, https:\/\/raxxie.com\/wp-content\/uploads\/2025\/09\/IMG_20250912_151340-scaled.jpg 1920w\" sizes=\"auto, (max-width: 768px) 100vw, 768px\" \/><\/a><\/figure>\n\n\n\n<p class=\"is-style-default\">Ya que andas por ac\u00e1, te cuento que escrib\u00ed un podcast:<\/p>\n\n\n\n<figure class=\"wp-block-embed is-type-rich is-provider-spotify wp-block-embed-spotify wp-embed-aspect-21-9 wp-has-aspect-ratio\"><div class=\"wp-block-embed__wrapper\">\n<iframe title=\"Spotify Embed: Teaser - El coraz\u00f3n de la V\u00eda L\u00e1ctea\" style=\"border-radius: 12px\" width=\"100%\" height=\"152\" frameborder=\"0\" allowfullscreen allow=\"autoplay; clipboard-write; encrypted-media; fullscreen; picture-in-picture\" loading=\"lazy\" src=\"https:\/\/open.spotify.com\/embed\/show\/32uCVJtUuwfiuKW4Gv8e1Q?si=5c5512c4d1c8488d&#038;utm_source=oembed\"><\/iframe>\n<\/div><\/figure>\n\n\n\n<p class=\"is-style-default\">&#8230;y que tengo una lista de correo:<\/p>\n\n\n\n<div align=center><iframe loading=\"lazy\" src=\"https:\/\/albertoyraquel.substack.com\/embed\" width=\"100%\" height=\"320\" style=\"border:1px solid #EEE; background:#f7f3e9;\" frameborder=\"0\" scrolling=\"no\"><\/iframe><\/div>\n\n\n\n<p class=\"is-style-text-subtitle has-accent-1-color has-accent-2-background-color has-text-color has-background has-link-color wp-elements-463400db639633ae58c98674375249cc is-style-text-subtitle--3\">\u00a1Te doy la bienvenida!<\/p>\n","protected":false},"excerpt":{"rendered":"<p>\u00a1Hola! Me llamo Raquel Castro y soy escritora. Aqu\u00ed puedes saber m\u00e1s de m\u00ed y de mi trabajo. Ya que andas por ac\u00e1, te cuento que escrib\u00ed un podcast: &#8230;y que tengo una lista de correo: \u00a1Te doy la bienvenida!<\/p>\n","protected":false},"author":1,"featured_media":2756,"parent":0,"menu_order":1,"comment_status":"closed","ping_status":"closed","template":"page-no-title","meta":{"jetpack_post_was_ever_published":false,"footnotes":""},"class_list":["post-992","page","type-page","status-publish","has-post-thumbnail","hentry"],"jetpack_shortlink":"https:\/\/wp.me\/PCt21-g0","jetpack_sharing_enabled":true,"jetpack_likes_enabled":false,"_links":{"self":[{"href":"https:\/\/raxxie.com\/index.php\/wp-json\/wp\/v2\/pages\/992","targetHints":{"allow":["GET"]}}],"collection":[{"href":"https:\/\/raxxie.com\/index.php\/wp-json\/wp\/v2\/pages"}],"about":[{"href":"https:\/\/raxxie.com\/index.php\/wp-json\/wp\/v2\/types\/page"}],"author":[{"embeddable":true,"href":"https:\/\/raxxie.com\/index.php\/wp-json\/wp\/v2\/users\/1"}],"replies":[{"embeddable":true,"href":"https:\/\/raxxie.com\/index.php\/wp-json\/wp\/v2\/comments?post=992"}],"version-history":[{"count":11,"href":"https:\/\/raxxie.com\/index.php\/wp-json\/wp\/v2\/pages\/992\/revisions"}],"predecessor-version":[{"id":2757,"href":"https:\/\/raxxie.com\/index.php\/wp-json\/wp\/v2\/pages\/992\/revisions\/2757"}],"wp:featuredmedia":[{"embeddable":true,"href":"https:\/\/raxxie.com\/index.php\/wp-json\/wp\/v2\/media\/2756"}],"wp:attachment":[{"href":"https:\/\/raxxie.com\/index.php\/wp-json\/wp\/v2\/media?parent=992"}],"curies":[{"name":"wp","href":"https:\/\/api.w.org\/{rel}","templated":true}]}}