{"id":2,"date":"2009-08-23T10:02:49","date_gmt":"2009-08-23T15:02:49","guid":{"rendered":"http:\/\/raxxie.com\/?page_id=2"},"modified":"2025-09-13T17:41:38","modified_gmt":"2025-09-13T23:41:38","slug":"acerca-de-raquel","status":"publish","type":"page","link":"https:\/\/raxxie.com\/index.php\/acerca-de-raquel\/","title":{"rendered":"Raquel Castro, escritora mexicana"},"content":{"rendered":"\n<p>Hola. Yo soy Raquel Castro Maldonado. Soy mexicana&#8230; y soy escritora.<\/p>\n\n\n\n<p>Uff, lo dije. Y es que durante mucho tiempo, me trababa cuando me preguntaban sobre el tema. Decir <em>soy escritora<\/em> o <em>estoy escribiendo una novela<\/em> me generaba una angustia tremenda. Por suerte, he ido superando esa y otras angustias. Y sigo escribiendo, que es algo que me fascina. <\/p>\n\n\n\n<p>Claro, no es lo \u00fanico que hago: adem\u00e1s, he sido guionista, profesora de gui\u00f3n, periodista, promotora cultural&#8230; Incluso, durante un brev\u00edsimo tiempo, fui asistente administrativa en la consejer\u00eda agr\u00edcola de una embajada sudamericana. Durante algunos a\u00f1os, hasta febrero de 2013, trabaj\u00e9 en el Instituto Nacional de Bellas Artes y Literatura (que entonces se llamaba s\u00f3lo \u00abde Bellas Artes\u00bb) organizando presentaciones de libros, charlas, conferencias y premios literarios. Luego de un descanso, trabaj\u00e9 cinco a\u00f1os en <a href=\"http:\/\/cdijum.mx\">este archivo hist\u00f3rico<\/a>, donde me encargu\u00e9 del \u00e1rea de Comunicaci\u00f3n. No dej\u00e9 de escribir, y ahora estoy escribiendo nuevamente de tiempo completo, adem\u00e1s de encargarme de mi primer curso en l\u00ednea, en la plataforma <a href=\"https:\/\/www.domestika.org\" target=\"_blank\" rel=\"noreferrer noopener\">Domestika<\/a>.<\/p>\n\n\n\n<p>En 2012, despu\u00e9s de un par de a\u00f1os de trabajo y de algo m\u00e1s de tiempo de publicar cuentos aqu\u00ed y all\u00e1, complet\u00e9 mi primera novela: su t\u00edtulo es\u00a0<i><a href=\"https:\/\/www.amazon.com.mx\/OJOS-LLENOS-SOMBRA-2-ED\/dp\/6072435106\/ref=sr_1_8?__mk_es_MX=%C3%85M%C3%85%C5%BD%C3%95%C3%91&amp;sr=8-8\">Ojos llenos de sombra<\/a><\/i>\u00a0y gan\u00f3 el Premio Gran Angular de literatura juvenil de ese a\u00f1o. Tambi\u00e9n he ganado otros premios, pero eso lo podr\u00e1n ver con m\u00e1s detalle en <a href=\"https:\/\/raxxie.com\/index.php\/descargas\/\">el curr\u00edculum<\/a>.<\/p>\n\n\n\n<p>Desde entonces he publicado dos novelas cortas para ni\u00f1os (<em>Exiliados<\/em> y <em>Lejos de casa<\/em>); tres novela largas cuyos t\u00edtulos son <em><a href=\"https:\/\/www.amazon.com.mx\/Dark-Doll-necesito-amigos-secreto-ebook\/dp\/B00WXJKAHO\/ref=sr_1_12?__mk_es_MX=%C3%85M%C3%85%C5%BD%C3%95%C3%91&amp;sr=8-12\">Dark Doll<\/a><\/em>, <em><a href=\"https:\/\/www.amazon.com.mx\/beso-futuro-l%C3%83%C2%ADnea-adivine-deseos\/dp\/6073153686\/ref=sr_1_4?__mk_es_MX=%C3%85M%C3%85%C5%BD%C3%95%C3%91&amp;sr=8-4\">Un beso en tu futuro<\/a><\/em> y <em><a href=\"https:\/\/www.amazon.com.mx\/METODO-INFALIBLE-LIGARTE-QUIEN-QUIERAS\/dp\/6072442218\/ref=sr_1_9?__mk_es_MX=%C3%85M%C3%85%C5%BD%C3%95%C3%91&amp;sr=8-9\">El m\u00e9todo infalible para ligarte a quien t\u00fa quieras<\/a><\/em>; un <em>ebook<\/em> y dos libros impresos de cuentos (titulados <em><a href=\"https:\/\/www.amazon.com.mx\/El-ataque-los-zombis-quinientos-ebook\/dp\/B08F8HYB32\/ref=sr_1_7?__mk_es_MX=%C3%85M%C3%85%C5%BD%C3%95%C3%91&amp;sr=8-7\">El ataque de los zombis parte mil quinientos<\/a><\/em> y <em><a href=\"https:\/\/www.amazon.com.mx\/Playlist-Raquel-Castro\/dp\/6316503571\/ref=sr_1_3?__mk_es_MX=%C3%85M%C3%85%C5%BD%C3%95%C3%91&amp;sr=8-3\">Playlist<\/a><\/em>), y un ensayo sobre modificaciones corporales que ahora se puede <a href=\"https:\/\/raxxie.com\/index.php\/descargas\/\">descargar aqu\u00ed mismo<\/a>. Adem\u00e1s, fui coantologadora de una <a href=\"https:\/\/www.amazon.com.mx\/Fest%C3%ADn-muertos-Antolog%C3%ADa-relatos-mexicanos\/dp\/6075272801\/ref=sr_1_1?__mk_es_MX=%C3%85M%C3%85%C5%BD%C3%95%C3%91&amp;sr=8-1\">colecci\u00f3n de cuentos de zombis<\/a> escritos por autores mexicanos y coautora de un <a href=\"https:\/\/www.amazon.com.mx\/C%C3%B3mo-escribir-tu-propia-historia\/dp\/6073171854\/ref=sr_1_5?__mk_es_MX=%C3%85M%C3%85%C5%BD%C3%95%C3%91&amp;sr=8-5\">manual de escritura<\/a> y de otra novela: <em><a href=\"https:\/\/www.amazon.com.mx\/club-ni%C3%B1as-fantasma-Alberto-Chimal-ebook\/dp\/B0979QNZXQ\/ref=sr_1_11?__mk_es_MX=%C3%85M%C3%85%C5%BD%C3%95%C3%91&amp;sr=8-11\">El club de las ni\u00f1as fantasma<\/a><\/em>. Esos dos \u00faltimos libros los escrib\u00ed \u201ca cuatro manos\u201d con Alberto Chimal, mi <a href=\"http:\/\/www.albertochimal.com\">esposo<\/a>, y nos divertimos much\u00edsimo haci\u00e9ndolos, lo que sea de cada qui\u00e9n. Creo que he tenido mucha suerte porque estoy haciendo, precisamente, lo que m\u00e1s me gusta.<\/p>\n\n\n\n<p>Llevo \u00a1m\u00e1s de veinte a\u00f1os! escribiendo en este sitio, que empez\u00f3 como una bit\u00e1cora en Blogger y luego se mud\u00f3 a su propio dominio. (<a href=\"http:\/\/raxxie.com\/index.php\/blog\/\">Aqu\u00ed pueden ver todas las publicaciones<\/a>.) Lo he tenido tengo un poco descuidadito \u00faltimamente, pero le estamos dando su manita de gato. <\/p>\n\n\n\n<p>Tambi\u00e9n me pueden encontrar en <a href=\"http:\/\/www.facebook.com\/profile.php?id=612572461\">Facebook<\/a>,&nbsp;<a href=\"http:\/\/twitter.com\/raxxie_\">X<\/a> (antes Twitter), <a href=\"http:\/\/instagram.com\/raxxie\">Instagram<\/a> y <a href=\"http:\/\/www.youtube.com\/AlbertoyRaquelMX\">YouTube<\/a>.&nbsp;Vivo en la ciudad de M\u00e9xico con Alberto y dos gatos: Romy y Chacho. Y sigo escribiendo.<\/p>\n\n\n\n<p>(Ahora estoy empezando una nueva novela&#8230;, pero \u00a1shhhh!)<\/p>\n\n\n\n<figure class=\"wp-block-image size-large\"><a href=\"http:\/\/raxxie.com\/wp-content\/uploads\/2024\/08\/gatitus.jpg\"><img loading=\"lazy\" decoding=\"async\" width=\"1024\" height=\"1024\" src=\"http:\/\/raxxie.com\/wp-content\/uploads\/2024\/08\/gatitus-1024x1024.jpg\" alt=\"\" class=\"wp-image-2672\" srcset=\"https:\/\/raxxie.com\/wp-content\/uploads\/2024\/08\/gatitus-1024x1024.jpg 1024w, https:\/\/raxxie.com\/wp-content\/uploads\/2024\/08\/gatitus-300x300.jpg 300w, https:\/\/raxxie.com\/wp-content\/uploads\/2024\/08\/gatitus-150x150.jpg 150w, https:\/\/raxxie.com\/wp-content\/uploads\/2024\/08\/gatitus-768x768.jpg 768w, https:\/\/raxxie.com\/wp-content\/uploads\/2024\/08\/gatitus-350x350.jpg 350w, https:\/\/raxxie.com\/wp-content\/uploads\/2024\/08\/gatitus-460x460.jpg 460w, https:\/\/raxxie.com\/wp-content\/uploads\/2024\/08\/gatitus-770x770.jpg 770w, https:\/\/raxxie.com\/wp-content\/uploads\/2024\/08\/gatitus.jpg 1204w\" sizes=\"auto, (max-width: 1024px) 100vw, 1024px\" \/><\/a><figcaption class=\"wp-element-caption\">Estos son Romy y Chacho cuando eran muy chiquitos.<\/figcaption><\/figure>\n\n\n\n<p>Hay varias cosas que me apasionan: me gustan los zombis, el humor, la imaginaci\u00f3n (claro), la arqueolog\u00eda, la comida, los libros y todas las otras cosas de las que se puede leer aqu\u00ed.<\/p>\n\n\n\n<p>Y escribir, claro.<\/p>\n\n\n\n<p>Y uno de mis abuelos era Marciano. \u00a1De veras!<\/p>\n","protected":false},"excerpt":{"rendered":"<p>Hola. Yo soy Raquel Castro Maldonado. Soy mexicana&#8230; y soy escritora. Uff, lo dije. Y es que durante mucho tiempo, me trababa cuando me preguntaban sobre el tema. Decir soy escritora o estoy escribiendo una novela me generaba una angustia tremenda. Por suerte, he ido superando esa y otras angustias. Y sigo escribiendo, que es [&hellip;]<\/p>\n","protected":false},"author":1,"featured_media":2758,"parent":0,"menu_order":0,"comment_status":"closed","ping_status":"closed","template":"","meta":{"jetpack_post_was_ever_published":false,"footnotes":""},"class_list":["post-2","page","type-page","status-publish","has-post-thumbnail","hentry"],"jetpack_shortlink":"https:\/\/wp.me\/PCt21-2","jetpack_sharing_enabled":true,"jetpack_likes_enabled":false,"_links":{"self":[{"href":"https:\/\/raxxie.com\/index.php\/wp-json\/wp\/v2\/pages\/2","targetHints":{"allow":["GET"]}}],"collection":[{"href":"https:\/\/raxxie.com\/index.php\/wp-json\/wp\/v2\/pages"}],"about":[{"href":"https:\/\/raxxie.com\/index.php\/wp-json\/wp\/v2\/types\/page"}],"author":[{"embeddable":true,"href":"https:\/\/raxxie.com\/index.php\/wp-json\/wp\/v2\/users\/1"}],"replies":[{"embeddable":true,"href":"https:\/\/raxxie.com\/index.php\/wp-json\/wp\/v2\/comments?post=2"}],"version-history":[{"count":59,"href":"https:\/\/raxxie.com\/index.php\/wp-json\/wp\/v2\/pages\/2\/revisions"}],"predecessor-version":[{"id":2751,"href":"https:\/\/raxxie.com\/index.php\/wp-json\/wp\/v2\/pages\/2\/revisions\/2751"}],"wp:featuredmedia":[{"embeddable":true,"href":"https:\/\/raxxie.com\/index.php\/wp-json\/wp\/v2\/media\/2758"}],"wp:attachment":[{"href":"https:\/\/raxxie.com\/index.php\/wp-json\/wp\/v2\/media?parent=2"}],"curies":[{"name":"wp","href":"https:\/\/api.w.org\/{rel}","templated":true}]}}