{"id":2650,"date":"2024-06-14T17:27:44","date_gmt":"2024-06-14T23:27:44","guid":{"rendered":"http:\/\/raxxie.com\/?page_id=2650"},"modified":"2025-09-07T18:05:27","modified_gmt":"2025-09-08T00:05:27","slug":"libros","status":"publish","type":"page","link":"http:\/\/raxxie.com\/index.php\/libros\/","title":{"rendered":"Publicaciones"},"content":{"rendered":"\n<p>Esta es una lista de mi trabajo publicado. Se trata principalmente de novelas y libros de cuentos (pero hay otras sorpresas, y nunca se sabe qu\u00e9 vendr\u00e1 despu\u00e9s). ;)<\/p>\n\n\n\n<ul class=\"wp-block-list\">\n<li><em>Ojos llenos de sombra<\/em>, novela. SM, 2012 (Premio Gran Angular de novela juvenil)<\/li>\n\n\n\n<li><em>Lejos de casa<\/em>, novela. El Arca, 2013.<\/li>\n\n\n\n<li><em>Exiliados<\/em>, novela. El Arca, 2014.<\/li>\n\n\n\n<li><em>Dark Doll<\/em>, novela. Ediciones B, 2014.<\/li>\n\n\n\n<li><em>Pira\u00f1as del mundo, \u00a1un\u00edos!<\/em>, cuentos. Suburbano, 2014.<\/li>\n\n\n\n<li><em>Fest\u00edn de muertos. Relatos mexicanos de zombis<\/em>, antolog\u00eda (recopilada en colaboraci\u00f3n con Rafael Villegas). Oc\u00e9ano, 2105<\/li>\n\n\n\n<li><em>Un beso en tu futuro<\/em>, novela. Alfaguara, 2017.<\/li>\n\n\n\n<li><em>Cambiamos para ser m\u00e1s como somos<\/em>, ensayo. CNCA, 2017. (Este se puede <a href=\"https:\/\/raxxie.com\/index.php\/descargas\/\">descargar aqu\u00ed mismo<\/a>.)<\/li>\n\n\n\n<li><em>C\u00f3mo escribir tu propia historia<\/em>, manual de escritura creativa (en colaboraci\u00f3n con Alberto Chimal). Alfaguara, 2018.<\/li>\n\n\n\n<li><em>El club de las ni\u00f1as fantasma<\/em>, novela (en colaboraci\u00f3n con Alberto Chimal). Alfaguara, 2021.<\/li>\n\n\n\n<li><em>El ataque de los zombis (parte mil quinientos)<\/em>, cuentos. UNAM, 2022.<\/li>\n\n\n\n<li><em>El coraz\u00f3n de la V\u00eda L\u00e1ctea<\/em>, podcast de ficci\u00f3n. Loqueleo, 2024.<\/li>\n\n\n\n<li><em>Playlist<\/em>, cuentos. SB, 2024.<\/li>\n<\/ul>\n\n\n\n<p><\/p>\n","protected":false},"excerpt":{"rendered":"<p>Esta es una lista de mi trabajo publicado. Se trata principalmente de novelas y libros de cuentos (pero hay otras sorpresas, y nunca se sabe qu\u00e9 vendr\u00e1 despu\u00e9s). ;)<\/p>\n","protected":false},"author":1,"featured_media":0,"parent":0,"menu_order":0,"comment_status":"closed","ping_status":"closed","template":"","meta":{"jetpack_post_was_ever_published":false,"footnotes":""},"class_list":["post-2650","page","type-page","status-publish","hentry"],"jetpack_shortlink":"https:\/\/wp.me\/PCt21-GK","jetpack_sharing_enabled":true,"jetpack_likes_enabled":false,"_links":{"self":[{"href":"http:\/\/raxxie.com\/index.php\/wp-json\/wp\/v2\/pages\/2650","targetHints":{"allow":["GET"]}}],"collection":[{"href":"http:\/\/raxxie.com\/index.php\/wp-json\/wp\/v2\/pages"}],"about":[{"href":"http:\/\/raxxie.com\/index.php\/wp-json\/wp\/v2\/types\/page"}],"author":[{"embeddable":true,"href":"http:\/\/raxxie.com\/index.php\/wp-json\/wp\/v2\/users\/1"}],"replies":[{"embeddable":true,"href":"http:\/\/raxxie.com\/index.php\/wp-json\/wp\/v2\/comments?post=2650"}],"version-history":[{"count":8,"href":"http:\/\/raxxie.com\/index.php\/wp-json\/wp\/v2\/pages\/2650\/revisions"}],"predecessor-version":[{"id":2752,"href":"http:\/\/raxxie.com\/index.php\/wp-json\/wp\/v2\/pages\/2650\/revisions\/2752"}],"wp:attachment":[{"href":"http:\/\/raxxie.com\/index.php\/wp-json\/wp\/v2\/media?parent=2650"}],"curies":[{"name":"wp","href":"https:\/\/api.w.org\/{rel}","templated":true}]}}