{"id":2547,"date":"2024-06-03T13:16:34","date_gmt":"2024-06-03T19:16:34","guid":{"rendered":"http:\/\/raxxie.com\/?page_id=2547"},"modified":"2025-09-05T22:04:50","modified_gmt":"2025-09-06T04:04:50","slug":"cursos-y-talleres","status":"publish","type":"page","link":"http:\/\/raxxie.com\/index.php\/cursos-y-talleres\/","title":{"rendered":"Cursos y talleres en l\u00ednea"},"content":{"rendered":"\n<p><strong>IMPARTE: RAQUEL CASTRO<\/strong><\/p>\n\n\n\n<p class=\"is-style-text-subtitle has-base-2-color has-accent-1-background-color has-text-color has-background has-link-color wp-elements-e3fd6d115cb9e3f825e98d429135c464 is-style-text-subtitle--1\"><strong>AVISO:<\/strong> pronto abrir\u00e9 un nuevo taller y podr\u00e1n ver todos los detalles aqu\u00ed mismo. \u00a1Gracias!<\/p>\n\n\n\n<p>Mis cursos y talleres en l\u00ednea son de escritura narrativa y tienen diversos enfoques. Est\u00e1n dirigidos a cualquier persona interesada en crear sus propias historias.<\/p>\n\n\n\n<p>Si te interesa participar o quieres m\u00e1s informaci\u00f3n, comun\u00edcate a trav\u00e9s de la <a href=\"http:\/\/raxxie.com\/index.php\/contacto\/\">p\u00e1gina de contacto<\/a>.<\/p>\n\n\n\n<figure class=\"wp-block-image size-large\"><a href=\"http:\/\/raxxie.com\/wp-content\/uploads\/2024\/06\/pexels-photo-110473.jpeg\"><img loading=\"lazy\" decoding=\"async\" width=\"1024\" height=\"768\" src=\"http:\/\/raxxie.com\/wp-content\/uploads\/2024\/06\/pexels-photo-110473-1024x768.jpeg\" alt=\"woman in white long sleeved shirt holding a pen writing on a paper\" class=\"wp-image-2613\" srcset=\"http:\/\/raxxie.com\/wp-content\/uploads\/2024\/06\/pexels-photo-110473-1024x768.jpeg 1024w, http:\/\/raxxie.com\/wp-content\/uploads\/2024\/06\/pexels-photo-110473-300x225.jpeg 300w, http:\/\/raxxie.com\/wp-content\/uploads\/2024\/06\/pexels-photo-110473-768x576.jpeg 768w, http:\/\/raxxie.com\/wp-content\/uploads\/2024\/06\/pexels-photo-110473-350x263.jpeg 350w, http:\/\/raxxie.com\/wp-content\/uploads\/2024\/06\/pexels-photo-110473-460x345.jpeg 460w, http:\/\/raxxie.com\/wp-content\/uploads\/2024\/06\/pexels-photo-110473-770x578.jpeg 770w, http:\/\/raxxie.com\/wp-content\/uploads\/2024\/06\/pexels-photo-110473-1536x1152.jpeg 1536w, http:\/\/raxxie.com\/wp-content\/uploads\/2024\/06\/pexels-photo-110473.jpeg 1733w\" sizes=\"auto, (max-width: 1024px) 100vw, 1024px\" \/><\/a><\/figure>\n","protected":false},"excerpt":{"rendered":"<p>IMPARTE: RAQUEL CASTRO AVISO: pronto abrir\u00e9 un nuevo taller y podr\u00e1n ver todos los detalles aqu\u00ed mismo. \u00a1Gracias! Mis cursos y talleres en l\u00ednea son de escritura narrativa y tienen diversos enfoques. Est\u00e1n dirigidos a cualquier persona interesada en crear sus propias historias. Si te interesa participar o quieres m\u00e1s informaci\u00f3n, comun\u00edcate a trav\u00e9s de [&hellip;]<\/p>\n","protected":false},"author":1,"featured_media":0,"parent":0,"menu_order":0,"comment_status":"closed","ping_status":"closed","template":"","meta":{"jetpack_post_was_ever_published":false,"footnotes":""},"class_list":["post-2547","page","type-page","status-publish","hentry"],"jetpack_shortlink":"https:\/\/wp.me\/PCt21-F5","jetpack_sharing_enabled":true,"jetpack_likes_enabled":false,"_links":{"self":[{"href":"http:\/\/raxxie.com\/index.php\/wp-json\/wp\/v2\/pages\/2547","targetHints":{"allow":["GET"]}}],"collection":[{"href":"http:\/\/raxxie.com\/index.php\/wp-json\/wp\/v2\/pages"}],"about":[{"href":"http:\/\/raxxie.com\/index.php\/wp-json\/wp\/v2\/types\/page"}],"author":[{"embeddable":true,"href":"http:\/\/raxxie.com\/index.php\/wp-json\/wp\/v2\/users\/1"}],"replies":[{"embeddable":true,"href":"http:\/\/raxxie.com\/index.php\/wp-json\/wp\/v2\/comments?post=2547"}],"version-history":[{"count":20,"href":"http:\/\/raxxie.com\/index.php\/wp-json\/wp\/v2\/pages\/2547\/revisions"}],"predecessor-version":[{"id":2726,"href":"http:\/\/raxxie.com\/index.php\/wp-json\/wp\/v2\/pages\/2547\/revisions\/2726"}],"wp:attachment":[{"href":"http:\/\/raxxie.com\/index.php\/wp-json\/wp\/v2\/media?parent=2547"}],"curies":[{"name":"wp","href":"https:\/\/api.w.org\/{rel}","templated":true}]}}